{"id":501,"date":"2021-06-23T21:55:33","date_gmt":"2021-06-24T00:55:33","guid":{"rendered":"https:\/\/calzacuer.com.ar\/web\/?post_type=product&#038;p=501"},"modified":"2026-02-27T10:40:50","modified_gmt":"2026-02-27T13:40:50","slug":"arpillera-de-yute","status":"publish","type":"product","link":"https:\/\/calzacuer.com.ar\/web\/producto\/arpillera-de-yute\/","title":{"rendered":"Arpillera de yute"},"content":{"rendered":"<p>&#x1f495;Tela arpillera o de yute, es un tejido natural que proviene de las fibras de la planta de yute.<\/p>\n<p>Suele utilizarse para la fabricaci\u00f3n de sacos dada su gran resistencia, pero desde hace alg\u00fan tiempo se ha puesto muy de moda para la creaci\u00f3n de elementos decorativos de estilo r\u00fastico e incluso para la fabricaci\u00f3n de bolsos.&#x1f44c;<\/p>\n<p>&#x1f31f;La tela de arpillera es un tejido muy vers\u00e1til y econ\u00f3mico que nos permite realizar una gran cantidad de proyectos decorativos.<\/p>\n","protected":false},"excerpt":{"rendered":"<p>Tela arpillera o de yute, es un tejido natural que proviene de las fibras de la planta de yute.<\/p>\n","protected":false},"featured_media":502,"comment_status":"open","ping_status":"closed","template":"","meta":[],"product_brand":[],"product_cat":[134,127],"product_tag":[],"class_list":{"0":"post-501","1":"product","2":"type-product","3":"status-publish","4":"has-post-thumbnail","6":"product_cat-arpillera","7":"product_cat-telas","9":"first","10":"instock","11":"shipping-taxable","12":"purchasable","13":"product-type-simple"},"tiered_pricing_type":"fixed","tiered_pricing_fixed_rules":[],"tiered_pricing_product_settings":{"layout":"default","base_unit_name":{"singular":null,"plural":null},"default_variation":null},"tiered_pricing_minimum_quantity":null,"tiered_pricing_roles_data":[],"tiered_pricing_percentage_rules":[],"_links":{"self":[{"href":"https:\/\/calzacuer.com.ar\/web\/wp-json\/wp\/v2\/product\/501","targetHints":{"allow":["GET"]}}],"collection":[{"href":"https:\/\/calzacuer.com.ar\/web\/wp-json\/wp\/v2\/product"}],"about":[{"href":"https:\/\/calzacuer.com.ar\/web\/wp-json\/wp\/v2\/types\/product"}],"replies":[{"embeddable":true,"href":"https:\/\/calzacuer.com.ar\/web\/wp-json\/wp\/v2\/comments?post=501"}],"wp:featuredmedia":[{"embeddable":true,"href":"https:\/\/calzacuer.com.ar\/web\/wp-json\/wp\/v2\/media\/502"}],"wp:attachment":[{"href":"https:\/\/calzacuer.com.ar\/web\/wp-json\/wp\/v2\/media?parent=501"}],"wp:term":[{"taxonomy":"product_brand","embeddable":true,"href":"https:\/\/calzacuer.com.ar\/web\/wp-json\/wp\/v2\/product_brand?post=501"},{"taxonomy":"product_cat","embeddable":true,"href":"https:\/\/calzacuer.com.ar\/web\/wp-json\/wp\/v2\/product_cat?post=501"},{"taxonomy":"product_tag","embeddable":true,"href":"https:\/\/calzacuer.com.ar\/web\/wp-json\/wp\/v2\/product_tag?post=501"}],"curies":[{"name":"wp","href":"https:\/\/api.w.org\/{rel}","templated":true}]}}