{"id":485,"date":"2021-05-24T17:02:22","date_gmt":"2021-05-24T20:02:22","guid":{"rendered":"https:\/\/calzacuer.com.ar\/web\/?post_type=product&#038;p=485"},"modified":"2023-12-21T19:13:45","modified_gmt":"2023-12-21T22:13:45","slug":"pistola-encoladora-suprabond-hot-melt-modelo-px-300","status":"publish","type":"product","link":"https:\/\/calzacuer.com.ar\/web\/producto\/pistola-encoladora-suprabond-hot-melt-modelo-px-300\/","title":{"rendered":"Pistola Encoladora Suprabond Hot Melt Modelo Px 300"},"content":{"rendered":"<p>Suprabond es la marca l\u00edder en pistolas encoladoras en Argentina. Ofrecemos pistolas encoladoras que se adaptan tanto a las necesidades de un proyecto artesanal cuidado hasta las exigencias de un proceso industrial intenso.<\/p>\n<p>La calidad de nuestras pistolas se observa en su capacidad de adhesivado, su confiabilidad durante periodos extensos de trabajo intenso y su larga vida \u00fatil.<\/p>\n<p>\/Descripci\u00f3n\/<\/p>\n<p>&#8211; Para uso intensivo en manualiades y hobbies.<\/p>\n<p>&#8211; Puede ser utilizada para reparar, sellar, pegar y decorar.<\/p>\n<p>Contiene:<\/p>\n<p>&#8211; Pico aislante.<\/p>\n<p>&#8211; Incluye 2 Barras Adhesivas<\/p>\n<p>&#8211; Cumple normas alemanas de seguridad GS certificadas por T\u00dcV.<\/p>\n<p>\/\u00bfQu\u00e9 barras utiliza?\/<\/p>\n<p>La Pistola Suprabond PX 300 utiliza Barras Suprabond Gruesas de 1.12cm.<\/p>\n<p><iframe loading=\"lazy\" title=\"Mart\u00edn Mu\u00f1oz -  Esfera de luz navide\u00f1a\" width=\"500\" height=\"281\" src=\"https:\/\/www.youtube.com\/embed\/phtz9jBOUOg?feature=oembed\" frameborder=\"0\" allow=\"accelerometer; autoplay; clipboard-write; encrypted-media; gyroscope; picture-in-picture; web-share\" referrerpolicy=\"strict-origin-when-cross-origin\" allowfullscreen><\/iframe><\/p>\n","protected":false},"excerpt":{"rendered":"<p>Para uso intensivo en manualiades y hobbies.<\/p>\n","protected":false},"featured_media":486,"comment_status":"open","ping_status":"closed","template":"","meta":[],"product_brand":[],"product_cat":[185,186],"product_tag":[],"class_list":{"0":"post-485","1":"product","2":"type-product","3":"status-publish","4":"has-post-thumbnail","6":"product_cat-herramientas","7":"product_cat-pistolas-de-silicona","9":"first","10":"instock","11":"shipping-taxable","12":"purchasable","13":"product-type-simple"},"tiered_pricing_type":"fixed","tiered_pricing_fixed_rules":[],"tiered_pricing_product_settings":{"layout":"default","base_unit_name":{"singular":null,"plural":null},"default_variation":null},"tiered_pricing_minimum_quantity":null,"tiered_pricing_roles_data":[],"tiered_pricing_percentage_rules":[],"_links":{"self":[{"href":"https:\/\/calzacuer.com.ar\/web\/wp-json\/wp\/v2\/product\/485","targetHints":{"allow":["GET"]}}],"collection":[{"href":"https:\/\/calzacuer.com.ar\/web\/wp-json\/wp\/v2\/product"}],"about":[{"href":"https:\/\/calzacuer.com.ar\/web\/wp-json\/wp\/v2\/types\/product"}],"replies":[{"embeddable":true,"href":"https:\/\/calzacuer.com.ar\/web\/wp-json\/wp\/v2\/comments?post=485"}],"wp:featuredmedia":[{"embeddable":true,"href":"https:\/\/calzacuer.com.ar\/web\/wp-json\/wp\/v2\/media\/486"}],"wp:attachment":[{"href":"https:\/\/calzacuer.com.ar\/web\/wp-json\/wp\/v2\/media?parent=485"}],"wp:term":[{"taxonomy":"product_brand","embeddable":true,"href":"https:\/\/calzacuer.com.ar\/web\/wp-json\/wp\/v2\/product_brand?post=485"},{"taxonomy":"product_cat","embeddable":true,"href":"https:\/\/calzacuer.com.ar\/web\/wp-json\/wp\/v2\/product_cat?post=485"},{"taxonomy":"product_tag","embeddable":true,"href":"https:\/\/calzacuer.com.ar\/web\/wp-json\/wp\/v2\/product_tag?post=485"}],"curies":[{"name":"wp","href":"https:\/\/api.w.org\/{rel}","templated":true}]}}