{"id":450,"date":"2021-05-23T17:01:20","date_gmt":"2021-05-23T20:01:20","guid":{"rendered":"https:\/\/calzacuer.com.ar\/web\/?post_type=product&#038;p=450"},"modified":"2025-11-03T17:05:06","modified_gmt":"2025-11-03T20:05:06","slug":"adhesivo-suprabond-transparente-100ml","status":"publish","type":"product","link":"https:\/\/calzacuer.com.ar\/web\/producto\/adhesivo-suprabond-transparente-100ml\/","title":{"rendered":"Adhesivo Suprabond Transparente 100ml"},"content":{"rendered":"<p><iframe loading=\"lazy\" title=\"PORTARETRATOS INTERVENIDO\" width=\"500\" height=\"375\" src=\"https:\/\/www.youtube.com\/embed\/UobabOW7vXg?feature=oembed\" frameborder=\"0\" allow=\"accelerometer; autoplay; clipboard-write; encrypted-media; gyroscope; picture-in-picture; web-share\" referrerpolicy=\"strict-origin-when-cross-origin\" allowfullscreen><\/iframe><\/p>\n<p>Es un novedoso adhesivo de alta calidad, cuya exclusiva f\u00f3rmula le permite ser utilizado como adhesivo universal o de contacto, superando a los tradicionales por su alto agarre inicial y adhesi\u00f3n extra fuerte.<\/p>\n<p>Es ideal para realizar trabajos de gran exigencia que requieran prolijidad, precisi\u00f3n y alto poder de adhesi\u00f3n. Pega todo tipo de materiales y su pico aplicador permite dosificar peque\u00f1as cantidades.<\/p>\n<p>\/Presentaci\u00f3n\/<\/p>\n<p>Un pomo con estuche de 100 ml<\/p>\n<p>\/Adhiere sobre\/<\/p>\n<p>Telgopor\u00ae. Cuero. Tela. Metal. Cart\u00f3n. Vidrio. Loza. Cer\u00e1mica. Madera. Porcelana. Corcho. Fieltro. Goma. Suela. Alto impacto. PVC r\u00edgido. ABS. Etc.<\/p>\n<p>\/Ideal para\/<\/p>\n<p>Como adhesivo de contacto para: Laminados. Paneles. Carpinter\u00eda. Tapicer\u00eda. Marroquiner\u00eda. Colocaci\u00f3n de alfombras. Reparaciones en el hogar y mucho m\u00e1s.<\/p>\n<p>Como adhesivo universal para: Maquetas. Trabajos pr\u00e1cticos. Decoraci\u00f3n. Hobbies. Manualidades. Artesan\u00edas. Collage. Modelismo. Encuadernaci\u00f3n. Telas. Etc.<\/p>\n","protected":false},"excerpt":{"rendered":"<p>Es un novedoso adhesivo de alta calidad, cuya exclusiva f\u00f3rmula le permite ser utilizado como adhesivo universal o de contacto, superando a los tradicionales por su alto agarre inicial y adhesi\u00f3n extra fuerte.<\/p>\n","protected":false},"featured_media":451,"comment_status":"open","ping_status":"closed","template":"","meta":[],"product_brand":[],"product_cat":[169,171],"product_tag":[],"class_list":{"0":"post-450","1":"product","2":"type-product","3":"status-publish","4":"has-post-thumbnail","6":"product_cat-adhesivos","7":"product_cat-adhesivos-de-contacto","9":"first","10":"instock","11":"featured","12":"shipping-taxable","13":"purchasable","14":"product-type-simple"},"tiered_pricing_type":"fixed","tiered_pricing_fixed_rules":[],"tiered_pricing_product_settings":{"layout":"default","base_unit_name":{"singular":null,"plural":null},"default_variation":null},"tiered_pricing_minimum_quantity":null,"tiered_pricing_roles_data":[],"tiered_pricing_percentage_rules":[],"_links":{"self":[{"href":"https:\/\/calzacuer.com.ar\/web\/wp-json\/wp\/v2\/product\/450","targetHints":{"allow":["GET"]}}],"collection":[{"href":"https:\/\/calzacuer.com.ar\/web\/wp-json\/wp\/v2\/product"}],"about":[{"href":"https:\/\/calzacuer.com.ar\/web\/wp-json\/wp\/v2\/types\/product"}],"replies":[{"embeddable":true,"href":"https:\/\/calzacuer.com.ar\/web\/wp-json\/wp\/v2\/comments?post=450"}],"wp:featuredmedia":[{"embeddable":true,"href":"https:\/\/calzacuer.com.ar\/web\/wp-json\/wp\/v2\/media\/451"}],"wp:attachment":[{"href":"https:\/\/calzacuer.com.ar\/web\/wp-json\/wp\/v2\/media?parent=450"}],"wp:term":[{"taxonomy":"product_brand","embeddable":true,"href":"https:\/\/calzacuer.com.ar\/web\/wp-json\/wp\/v2\/product_brand?post=450"},{"taxonomy":"product_cat","embeddable":true,"href":"https:\/\/calzacuer.com.ar\/web\/wp-json\/wp\/v2\/product_cat?post=450"},{"taxonomy":"product_tag","embeddable":true,"href":"https:\/\/calzacuer.com.ar\/web\/wp-json\/wp\/v2\/product_tag?post=450"}],"curies":[{"name":"wp","href":"https:\/\/api.w.org\/{rel}","templated":true}]}}