{"id":404,"date":"2021-05-23T14:17:02","date_gmt":"2021-05-23T17:17:02","guid":{"rendered":"https:\/\/calzacuer.com.ar\/web\/?post_type=product&#038;p=404"},"modified":"2024-10-25T16:17:13","modified_gmt":"2024-10-25T19:17:13","slug":"unipox-25ml","status":"publish","type":"product","link":"https:\/\/calzacuer.com.ar\/web\/producto\/unipox-25ml\/","title":{"rendered":"UNIPOX\u00ae 25ML"},"content":{"rendered":"<section class=\"product-details\">\n<div class=\"accordeon\">\n<div class=\"content\">\n<div class=\"productDescription\">Adhesivo universal multiprop\u00f3sito ideal para la elaboraci\u00f3n de manualidades, artesan\u00edas y trabajos pr\u00e1cticos. Es transparente y de pegado resistente.<\/div>\n<\/div>\n<\/div>\n<div id=\"specification\">\n<div id=\"caracteristicas\"><\/div>\n<\/div>\n<\/section>\n<section class=\"product-description-box\">\n<div id=\"reviews\" class=\"rating\">\n<h3><\/h3>\n<\/div>\n<\/section>\n","protected":false},"excerpt":{"rendered":"<p>Adhesivo universal multiprop\u00f3sito.<\/p>\n","protected":false},"featured_media":406,"comment_status":"open","ping_status":"closed","template":"","meta":[],"product_brand":[],"product_cat":[169,176,15],"product_tag":[],"class_list":{"0":"post-404","1":"product","2":"type-product","3":"status-publish","4":"has-post-thumbnail","6":"product_cat-adhesivos","7":"product_cat-universales","8":"product_cat-sin-categorizar","10":"first","11":"instock","12":"shipping-taxable","13":"purchasable","14":"product-type-simple"},"tiered_pricing_type":"fixed","tiered_pricing_fixed_rules":[],"tiered_pricing_product_settings":{"layout":"default","base_unit_name":{"singular":null,"plural":null},"default_variation":null},"tiered_pricing_minimum_quantity":null,"tiered_pricing_roles_data":[],"tiered_pricing_percentage_rules":[],"_links":{"self":[{"href":"https:\/\/calzacuer.com.ar\/web\/wp-json\/wp\/v2\/product\/404","targetHints":{"allow":["GET"]}}],"collection":[{"href":"https:\/\/calzacuer.com.ar\/web\/wp-json\/wp\/v2\/product"}],"about":[{"href":"https:\/\/calzacuer.com.ar\/web\/wp-json\/wp\/v2\/types\/product"}],"replies":[{"embeddable":true,"href":"https:\/\/calzacuer.com.ar\/web\/wp-json\/wp\/v2\/comments?post=404"}],"wp:featuredmedia":[{"embeddable":true,"href":"https:\/\/calzacuer.com.ar\/web\/wp-json\/wp\/v2\/media\/406"}],"wp:attachment":[{"href":"https:\/\/calzacuer.com.ar\/web\/wp-json\/wp\/v2\/media?parent=404"}],"wp:term":[{"taxonomy":"product_brand","embeddable":true,"href":"https:\/\/calzacuer.com.ar\/web\/wp-json\/wp\/v2\/product_brand?post=404"},{"taxonomy":"product_cat","embeddable":true,"href":"https:\/\/calzacuer.com.ar\/web\/wp-json\/wp\/v2\/product_cat?post=404"},{"taxonomy":"product_tag","embeddable":true,"href":"https:\/\/calzacuer.com.ar\/web\/wp-json\/wp\/v2\/product_tag?post=404"}],"curies":[{"name":"wp","href":"https:\/\/api.w.org\/{rel}","templated":true}]}}