{"id":399,"date":"2021-05-23T13:59:30","date_gmt":"2021-05-23T16:59:30","guid":{"rendered":"https:\/\/calzacuer.com.ar\/web\/?post_type=product&#038;p=399"},"modified":"2024-10-25T16:16:03","modified_gmt":"2024-10-25T19:16:03","slug":"la-gotita-2ml","status":"publish","type":"product","link":"https:\/\/calzacuer.com.ar\/web\/producto\/la-gotita-2ml\/","title":{"rendered":"LA GOTITA\u00ae 2ml"},"content":{"rendered":"<p>El adhesivo instant\u00e1neo para el arreglo de peque\u00f1os objetos en el hogar.<br \/>\nPega en pocos segundos todo tipo de materiales y es de muy f\u00e1cil uso.<br \/>\nSu envase exclusivo permite dosificar Gotita a Gotita, no salpica ni chorrea y permite que el producto quede de pie.<\/p>\n<p><iframe loading=\"lazy\" title=\"LA GOTITA\u00ae - Adhesivo instant\u00e1neo\" width=\"500\" height=\"281\" src=\"https:\/\/www.youtube.com\/embed\/5vw_kxvNrSA?feature=oembed\" frameborder=\"0\" allow=\"accelerometer; autoplay; clipboard-write; encrypted-media; gyroscope; picture-in-picture; web-share\" referrerpolicy=\"strict-origin-when-cross-origin\" allowfullscreen><\/iframe><\/p>\n","protected":false},"excerpt":{"rendered":"<p>El clasico adhesivo instant\u00e1neo para el arreglo de peque\u00f1os objetos en el hogar.El adhesivo instant\u00e1neo para el arreglo de peque\u00f1os objetos en el hogar.<br \/>\nPega en pocos segundos todo tipo de materiales y es de muy f\u00e1cil uso.<br \/>\nSu envase exclusivo permite dosificar Gotita a Gotita, no salpica ni chorrea y permite que el producto quede de pie.<\/p>\n","protected":false},"featured_media":400,"comment_status":"open","ping_status":"closed","template":"","meta":[],"product_brand":[],"product_cat":[169,181],"product_tag":[],"class_list":{"0":"post-399","1":"product","2":"type-product","3":"status-publish","4":"has-post-thumbnail","6":"product_cat-adhesivos","7":"product_cat-instantaneos","9":"first","10":"instock","11":"shipping-taxable","12":"purchasable","13":"product-type-simple"},"tiered_pricing_type":"fixed","tiered_pricing_fixed_rules":[],"tiered_pricing_product_settings":{"layout":"default","base_unit_name":{"singular":null,"plural":null},"default_variation":null},"tiered_pricing_minimum_quantity":null,"tiered_pricing_roles_data":[],"tiered_pricing_percentage_rules":[],"_links":{"self":[{"href":"https:\/\/calzacuer.com.ar\/web\/wp-json\/wp\/v2\/product\/399","targetHints":{"allow":["GET"]}}],"collection":[{"href":"https:\/\/calzacuer.com.ar\/web\/wp-json\/wp\/v2\/product"}],"about":[{"href":"https:\/\/calzacuer.com.ar\/web\/wp-json\/wp\/v2\/types\/product"}],"replies":[{"embeddable":true,"href":"https:\/\/calzacuer.com.ar\/web\/wp-json\/wp\/v2\/comments?post=399"}],"wp:featuredmedia":[{"embeddable":true,"href":"https:\/\/calzacuer.com.ar\/web\/wp-json\/wp\/v2\/media\/400"}],"wp:attachment":[{"href":"https:\/\/calzacuer.com.ar\/web\/wp-json\/wp\/v2\/media?parent=399"}],"wp:term":[{"taxonomy":"product_brand","embeddable":true,"href":"https:\/\/calzacuer.com.ar\/web\/wp-json\/wp\/v2\/product_brand?post=399"},{"taxonomy":"product_cat","embeddable":true,"href":"https:\/\/calzacuer.com.ar\/web\/wp-json\/wp\/v2\/product_cat?post=399"},{"taxonomy":"product_tag","embeddable":true,"href":"https:\/\/calzacuer.com.ar\/web\/wp-json\/wp\/v2\/product_tag?post=399"}],"curies":[{"name":"wp","href":"https:\/\/api.w.org\/{rel}","templated":true}]}}