{"id":3572,"date":"2026-03-17T11:06:44","date_gmt":"2026-03-17T14:06:44","guid":{"rendered":"https:\/\/calzacuer.com.ar\/web\/?post_type=product&#038;p=3572"},"modified":"2026-03-17T11:06:44","modified_gmt":"2026-03-17T14:06:44","slug":"tropical-mecanico-estampado-11","status":"publish","type":"product","link":"https:\/\/calzacuer.com.ar\/web\/producto\/tropical-mecanico-estampado-11\/","title":{"rendered":"Tropical Mec\u00e1nico Estampado &#8211; 11"},"content":{"rendered":"","protected":false},"excerpt":{"rendered":"<p>Con dise\u00f1o estampado y un ancho de 1,50 metros, este tejido de tipo tropical mec\u00e1nico se destaca por su suavidad al tacto, buena ca\u00edda y resistencia. Ofrece una combinaci\u00f3n equilibrada de confort y durabilidad, junto con un acabado visual atractivo.<\/p>\n","protected":false},"featured_media":3574,"comment_status":"open","ping_status":"closed","template":"","meta":[],"product_brand":[],"product_cat":[127,129],"product_tag":[],"class_list":{"0":"post-3572","1":"product","2":"type-product","3":"status-publish","4":"has-post-thumbnail","6":"product_cat-telas","7":"product_cat-tropical-mecanico","9":"first","10":"instock","11":"shipping-taxable","12":"purchasable","13":"product-type-simple"},"tiered_pricing_type":"fixed","tiered_pricing_fixed_rules":[],"tiered_pricing_product_settings":{"layout":"default","base_unit_name":{"singular":null,"plural":null},"default_variation":null},"tiered_pricing_minimum_quantity":null,"tiered_pricing_roles_data":[],"tiered_pricing_percentage_rules":[],"_links":{"self":[{"href":"https:\/\/calzacuer.com.ar\/web\/wp-json\/wp\/v2\/product\/3572","targetHints":{"allow":["GET"]}}],"collection":[{"href":"https:\/\/calzacuer.com.ar\/web\/wp-json\/wp\/v2\/product"}],"about":[{"href":"https:\/\/calzacuer.com.ar\/web\/wp-json\/wp\/v2\/types\/product"}],"replies":[{"embeddable":true,"href":"https:\/\/calzacuer.com.ar\/web\/wp-json\/wp\/v2\/comments?post=3572"}],"wp:featuredmedia":[{"embeddable":true,"href":"https:\/\/calzacuer.com.ar\/web\/wp-json\/wp\/v2\/media\/3574"}],"wp:attachment":[{"href":"https:\/\/calzacuer.com.ar\/web\/wp-json\/wp\/v2\/media?parent=3572"}],"wp:term":[{"taxonomy":"product_brand","embeddable":true,"href":"https:\/\/calzacuer.com.ar\/web\/wp-json\/wp\/v2\/product_brand?post=3572"},{"taxonomy":"product_cat","embeddable":true,"href":"https:\/\/calzacuer.com.ar\/web\/wp-json\/wp\/v2\/product_cat?post=3572"},{"taxonomy":"product_tag","embeddable":true,"href":"https:\/\/calzacuer.com.ar\/web\/wp-json\/wp\/v2\/product_tag?post=3572"}],"curies":[{"name":"wp","href":"https:\/\/api.w.org\/{rel}","templated":true}]}}