{"id":3540,"date":"2026-03-16T10:26:47","date_gmt":"2026-03-16T13:26:47","guid":{"rendered":"https:\/\/calzacuer.com.ar\/web\/?post_type=product&#038;p=3540"},"modified":"2026-03-16T10:27:09","modified_gmt":"2026-03-16T13:27:09","slug":"tropical-mecanico-blanco-2","status":"publish","type":"product","link":"https:\/\/calzacuer.com.ar\/web\/producto\/tropical-mecanico-blanco-2\/","title":{"rendered":"Tropical mecanico &#8211; Blanco"},"content":{"rendered":"<p>La tela Tropical Mec\u00e1nico es una tejido liviano y con cuerpo, no encoge, no estira, es resistente al moho, las polillas y la abrasi\u00f3n. Es lavable, no le afecta la luz solar ni el clima. Existen gran cantidad de colores y su uso es muy variado: se usa tanto para manteles, almohadones y art\u00edculos para decoraci\u00f3n como as\u00ed tambi\u00e9n para confeccionar pantalones, chaquetas, indumentaria gastron\u00f3mica y uniformes.<\/p>\n","protected":false},"excerpt":{"rendered":"<p>Tela lisa al tacto, buen acabado, semi-opaca, semi-gruesa, c\u00e1lida, de f\u00e1cil lavado y resistente al uso.<\/p>\n<p>Ideal para cortineria, almohadones, camperas de verano, pantalones, polleras, cubrecamas, manteles, tapizados y ropa de trabajo.<\/p>\n","protected":false},"featured_media":3541,"comment_status":"open","ping_status":"closed","template":"","meta":[],"product_brand":[],"product_cat":[127,129],"product_tag":[],"class_list":{"0":"post-3540","1":"product","2":"type-product","3":"status-publish","4":"has-post-thumbnail","6":"product_cat-telas","7":"product_cat-tropical-mecanico","9":"first","10":"instock","11":"shipping-taxable","12":"purchasable","13":"product-type-simple"},"tiered_pricing_type":"fixed","tiered_pricing_fixed_rules":[],"tiered_pricing_product_settings":{"layout":"default","base_unit_name":{"singular":null,"plural":null},"default_variation":null},"tiered_pricing_minimum_quantity":null,"tiered_pricing_roles_data":[],"tiered_pricing_percentage_rules":[],"_links":{"self":[{"href":"https:\/\/calzacuer.com.ar\/web\/wp-json\/wp\/v2\/product\/3540","targetHints":{"allow":["GET"]}}],"collection":[{"href":"https:\/\/calzacuer.com.ar\/web\/wp-json\/wp\/v2\/product"}],"about":[{"href":"https:\/\/calzacuer.com.ar\/web\/wp-json\/wp\/v2\/types\/product"}],"replies":[{"embeddable":true,"href":"https:\/\/calzacuer.com.ar\/web\/wp-json\/wp\/v2\/comments?post=3540"}],"wp:featuredmedia":[{"embeddable":true,"href":"https:\/\/calzacuer.com.ar\/web\/wp-json\/wp\/v2\/media\/3541"}],"wp:attachment":[{"href":"https:\/\/calzacuer.com.ar\/web\/wp-json\/wp\/v2\/media?parent=3540"}],"wp:term":[{"taxonomy":"product_brand","embeddable":true,"href":"https:\/\/calzacuer.com.ar\/web\/wp-json\/wp\/v2\/product_brand?post=3540"},{"taxonomy":"product_cat","embeddable":true,"href":"https:\/\/calzacuer.com.ar\/web\/wp-json\/wp\/v2\/product_cat?post=3540"},{"taxonomy":"product_tag","embeddable":true,"href":"https:\/\/calzacuer.com.ar\/web\/wp-json\/wp\/v2\/product_tag?post=3540"}],"curies":[{"name":"wp","href":"https:\/\/api.w.org\/{rel}","templated":true}]}}