{"id":3225,"date":"2025-05-15T09:53:52","date_gmt":"2025-05-15T12:53:52","guid":{"rendered":"https:\/\/calzacuer.com.ar\/web\/?post_type=product&#038;p=3225"},"modified":"2026-03-16T15:02:37","modified_gmt":"2026-03-16T18:02:37","slug":"polar-comun-antipilling-blanco","status":"publish","type":"product","link":"https:\/\/calzacuer.com.ar\/web\/producto\/polar-comun-antipilling-blanco\/","title":{"rendered":"Polar Com\u00fan Antipilling &#8211; Blanco"},"content":{"rendered":"<p class=\"\" data-start=\"162\" data-end=\"476\">Descubre la suavidad y calidez de nuestro <strong data-start=\"204\" data-end=\"231\">Polar Com\u00fan Antipilling<\/strong>, un tejido de poli\u00e9ster esponjoso y agradable al tacto, ideal para los d\u00edas fr\u00edos. Dise\u00f1ado especialmente con tecnolog\u00eda <em data-start=\"353\" data-end=\"366\">antipilling<\/em>, este polar resiste la formaci\u00f3n de bolitas, manteni\u00e9ndose suave y como nuevo incluso tras m\u00faltiples lavados.<\/p>\n<p class=\"\" data-start=\"478\" data-end=\"556\">Con un ancho de <strong data-start=\"494\" data-end=\"509\">1,60 metros<\/strong>, es perfecto para una amplia variedad de usos:<\/p>\n<ul data-start=\"558\" data-end=\"705\">\n<li class=\"\" data-start=\"558\" data-end=\"612\">\n<p class=\"\" data-start=\"560\" data-end=\"612\"><strong data-start=\"560\" data-end=\"581\">Prendas de abrigo<\/strong>: chaquetas, sudaderas, pijamas<\/p>\n<\/li>\n<li class=\"\" data-start=\"613\" data-end=\"667\">\n<p class=\"\" data-start=\"615\" data-end=\"667\"><strong data-start=\"615\" data-end=\"640\">Accesorios invernales<\/strong>: gorros, bufandas, guantes<\/p>\n<\/li>\n<li class=\"\" data-start=\"668\" data-end=\"705\">\n<p class=\"\" data-start=\"670\" data-end=\"705\"><strong data-start=\"670\" data-end=\"686\">Ropa de cama<\/strong>: mantas, edredones<\/p>\n<\/li>\n<\/ul>\n<p class=\"\" data-start=\"707\" data-end=\"819\">Una tela vers\u00e1til, sin elasticidad, que combina funcionalidad y confort para tus proyectos textiles m\u00e1s c\u00e1lidos.<\/p>\n<ul>\n<li>\n<p><strong>Antipeeling\u00a0<\/strong><strong>Eficaz:<\/strong> La caracter\u00edstica antipilling del Polar Antipeeling previene la formaci\u00f3n de bolitas en la superficie de la tela, manteniendo tu ropa con un aspecto fresco y suave<\/p>\n<\/li>\n<\/ul>\n","protected":false},"excerpt":{"rendered":"<p>Descubre la suavidad y calidez de nuestro <strong data-start=\"204\" data-end=\"231\">Polar Com\u00fan Antipilling<\/strong>, un tejido de poli\u00e9ster esponjoso y agradable al tacto, ideal para los d\u00edas fr\u00edos.<\/p>\n","protected":false},"featured_media":3238,"comment_status":"open","ping_status":"closed","template":"","meta":[],"product_brand":[],"product_cat":[306,127],"product_tag":[],"class_list":{"0":"post-3225","1":"product","2":"type-product","3":"status-publish","4":"has-post-thumbnail","6":"product_cat-polar","7":"product_cat-telas","9":"first","10":"instock","11":"shipping-taxable","12":"purchasable","13":"product-type-simple"},"tiered_pricing_type":"fixed","tiered_pricing_fixed_rules":{"10":4400},"tiered_pricing_product_settings":{"layout":"default","base_unit_name":{"singular":null,"plural":null},"default_variation":null},"tiered_pricing_minimum_quantity":null,"tiered_pricing_roles_data":[],"tiered_pricing_percentage_rules":[],"_links":{"self":[{"href":"https:\/\/calzacuer.com.ar\/web\/wp-json\/wp\/v2\/product\/3225","targetHints":{"allow":["GET"]}}],"collection":[{"href":"https:\/\/calzacuer.com.ar\/web\/wp-json\/wp\/v2\/product"}],"about":[{"href":"https:\/\/calzacuer.com.ar\/web\/wp-json\/wp\/v2\/types\/product"}],"replies":[{"embeddable":true,"href":"https:\/\/calzacuer.com.ar\/web\/wp-json\/wp\/v2\/comments?post=3225"}],"wp:featuredmedia":[{"embeddable":true,"href":"https:\/\/calzacuer.com.ar\/web\/wp-json\/wp\/v2\/media\/3238"}],"wp:attachment":[{"href":"https:\/\/calzacuer.com.ar\/web\/wp-json\/wp\/v2\/media?parent=3225"}],"wp:term":[{"taxonomy":"product_brand","embeddable":true,"href":"https:\/\/calzacuer.com.ar\/web\/wp-json\/wp\/v2\/product_brand?post=3225"},{"taxonomy":"product_cat","embeddable":true,"href":"https:\/\/calzacuer.com.ar\/web\/wp-json\/wp\/v2\/product_cat?post=3225"},{"taxonomy":"product_tag","embeddable":true,"href":"https:\/\/calzacuer.com.ar\/web\/wp-json\/wp\/v2\/product_tag?post=3225"}],"curies":[{"name":"wp","href":"https:\/\/api.w.org\/{rel}","templated":true}]}}