{"id":2927,"date":"2025-02-04T10:24:03","date_gmt":"2025-02-04T13:24:03","guid":{"rendered":"https:\/\/calzacuer.com.ar\/web\/?post_type=product&#038;p=2927"},"modified":"2025-09-23T18:28:59","modified_gmt":"2025-09-23T21:28:59","slug":"tela-rustica-de-tapiceria-tipo-chenille-marronchocolate","status":"publish","type":"product","link":"https:\/\/calzacuer.com.ar\/web\/producto\/tela-rustica-de-tapiceria-tipo-chenille-marronchocolate\/","title":{"rendered":"Tela r\u00fastica de tapicer\u00eda tipo chenille &#8211; Marr\u00f3n Chocolate"},"content":{"rendered":"<p>&#x1f449; Antidesgarro<\/p>\n<p>&#x1f449; Lavable<\/p>\n<p>&#x1f449; 1,50 de ancho<\/p>\n","protected":false},"excerpt":{"rendered":"<p>&#x1f449; Antidesgarro &#x1f449; Lavable &#x1f449; 1,50 de ancho<\/p>\n","protected":false},"featured_media":2928,"comment_status":"open","ping_status":"closed","template":"","meta":[],"product_brand":[],"product_cat":[127,141],"product_tag":[],"class_list":{"0":"post-2927","1":"product","2":"type-product","3":"status-publish","4":"has-post-thumbnail","6":"product_cat-telas","7":"product_cat-telastapiceria","9":"first","10":"outofstock","11":"shipping-taxable","12":"purchasable","13":"product-type-simple"},"tiered_pricing_type":"fixed","tiered_pricing_fixed_rules":[],"tiered_pricing_product_settings":{"layout":"default","base_unit_name":{"singular":null,"plural":null},"default_variation":null},"tiered_pricing_minimum_quantity":null,"tiered_pricing_roles_data":[],"tiered_pricing_percentage_rules":[],"_links":{"self":[{"href":"https:\/\/calzacuer.com.ar\/web\/wp-json\/wp\/v2\/product\/2927","targetHints":{"allow":["GET"]}}],"collection":[{"href":"https:\/\/calzacuer.com.ar\/web\/wp-json\/wp\/v2\/product"}],"about":[{"href":"https:\/\/calzacuer.com.ar\/web\/wp-json\/wp\/v2\/types\/product"}],"replies":[{"embeddable":true,"href":"https:\/\/calzacuer.com.ar\/web\/wp-json\/wp\/v2\/comments?post=2927"}],"wp:featuredmedia":[{"embeddable":true,"href":"https:\/\/calzacuer.com.ar\/web\/wp-json\/wp\/v2\/media\/2928"}],"wp:attachment":[{"href":"https:\/\/calzacuer.com.ar\/web\/wp-json\/wp\/v2\/media?parent=2927"}],"wp:term":[{"taxonomy":"product_brand","embeddable":true,"href":"https:\/\/calzacuer.com.ar\/web\/wp-json\/wp\/v2\/product_brand?post=2927"},{"taxonomy":"product_cat","embeddable":true,"href":"https:\/\/calzacuer.com.ar\/web\/wp-json\/wp\/v2\/product_cat?post=2927"},{"taxonomy":"product_tag","embeddable":true,"href":"https:\/\/calzacuer.com.ar\/web\/wp-json\/wp\/v2\/product_tag?post=2927"}],"curies":[{"name":"wp","href":"https:\/\/api.w.org\/{rel}","templated":true}]}}