{"id":2787,"date":"2024-11-26T23:49:37","date_gmt":"2024-11-27T02:49:37","guid":{"rendered":"https:\/\/calzacuer.com.ar\/web\/?post_type=product&#038;p=2787"},"modified":"2025-10-24T11:57:08","modified_gmt":"2025-10-24T14:57:08","slug":"piso-pastilla-pvc","status":"publish","type":"product","link":"https:\/\/calzacuer.com.ar\/web\/producto\/piso-pastilla-pvc\/","title":{"rendered":"PISO PASTILLA PVC &#8211; NEGRO"},"content":{"rendered":"<p>Piso de Pvc de alta resistencia y durabilidad. No se raya, f\u00e1cil de limpiar. Reduce el impacto ac\u00fastico. Ideal para tr\u00e1nsitos comerciales como transportes, entidades publicas, gimnasios, dep\u00f3sitos, terminales, etc.<\/p>\n<p>DISPONIBLE SOLO EN NEGRO<\/p>\n<p>ANCHO 1.40 M<\/p>\n","protected":false},"excerpt":{"rendered":"<p>Piso de Pvc de alta resistencia y durabilidad. No se raya, f\u00e1cil de limpiar. Reduce el impacto ac\u00fastico. Ideal para tr\u00e1nsitos comerciales como transportes, entidades publicas, gimnasios, dep\u00f3sitos, terminales, etc.<\/p>\n<p>Disponible solo en Negro<\/p>\n<p>1.40m de ancho<\/p>\n","protected":false},"featured_media":3430,"comment_status":"open","ping_status":"closed","template":"","meta":[],"product_brand":[],"product_cat":[277,147],"product_tag":[],"class_list":{"0":"post-2787","1":"product","2":"type-product","3":"status-publish","4":"has-post-thumbnail","6":"product_cat-alfombras-y-pisos","7":"product_cat-telas-plasticas","9":"first","10":"instock","11":"shipping-taxable","12":"purchasable","13":"product-type-simple"},"tiered_pricing_type":"fixed","tiered_pricing_fixed_rules":{"10":12000,"20":11000},"tiered_pricing_product_settings":{"layout":"default","base_unit_name":{"singular":null,"plural":null},"default_variation":null},"tiered_pricing_minimum_quantity":null,"tiered_pricing_roles_data":[],"tiered_pricing_percentage_rules":[],"_links":{"self":[{"href":"https:\/\/calzacuer.com.ar\/web\/wp-json\/wp\/v2\/product\/2787","targetHints":{"allow":["GET"]}}],"collection":[{"href":"https:\/\/calzacuer.com.ar\/web\/wp-json\/wp\/v2\/product"}],"about":[{"href":"https:\/\/calzacuer.com.ar\/web\/wp-json\/wp\/v2\/types\/product"}],"replies":[{"embeddable":true,"href":"https:\/\/calzacuer.com.ar\/web\/wp-json\/wp\/v2\/comments?post=2787"}],"wp:featuredmedia":[{"embeddable":true,"href":"https:\/\/calzacuer.com.ar\/web\/wp-json\/wp\/v2\/media\/3430"}],"wp:attachment":[{"href":"https:\/\/calzacuer.com.ar\/web\/wp-json\/wp\/v2\/media?parent=2787"}],"wp:term":[{"taxonomy":"product_brand","embeddable":true,"href":"https:\/\/calzacuer.com.ar\/web\/wp-json\/wp\/v2\/product_brand?post=2787"},{"taxonomy":"product_cat","embeddable":true,"href":"https:\/\/calzacuer.com.ar\/web\/wp-json\/wp\/v2\/product_cat?post=2787"},{"taxonomy":"product_tag","embeddable":true,"href":"https:\/\/calzacuer.com.ar\/web\/wp-json\/wp\/v2\/product_tag?post=2787"}],"curies":[{"name":"wp","href":"https:\/\/api.w.org\/{rel}","templated":true}]}}